{"id":503,"date":"2025-09-04T17:54:49","date_gmt":"2025-09-04T14:54:49","guid":{"rendered":"https:\/\/jsengineering.ee\/?page_id=503"},"modified":"2025-09-17T14:38:58","modified_gmt":"2025-09-17T11:38:58","slug":"niemes","status":"publish","type":"page","link":"https:\/\/jsengineering.ee\/en\/teenused\/niemes\/","title":{"rendered":"Niemes"},"content":{"rendered":"<div class=\"wp-block-group is-vertical is-content-justification-center is-layout-flex wp-container-core-group-is-layout-ce155fab wp-block-group-is-layout-flex\">\n<div style=\"height:29px\" aria-hidden=\"true\" class=\"wp-block-spacer wp-container-content-7eea9941\"><\/div>\n\n\n\n<h3 class=\"wp-block-heading\">NIEMES Dosiertechnik<\/h3>\n\n\n\n<figure class=\"wp-block-image aligncenter size-full is-resized\"><a href=\"https:\/\/www.niemes-gmbh.de\/\"><img loading=\"lazy\" decoding=\"async\" width=\"593\" height=\"593\" src=\"https:\/\/jsengineering.ee\/wp-content\/uploads\/2025\/09\/niemes_logo.png\" alt=\"Niemes Dosiertechnik Logo\" class=\"wp-image-506\" style=\"width:200px\" srcset=\"https:\/\/jsengineering.ee\/wp-content\/uploads\/2025\/09\/niemes_logo.png 593w, https:\/\/jsengineering.ee\/wp-content\/uploads\/2025\/09\/niemes_logo-300x300.png 300w, https:\/\/jsengineering.ee\/wp-content\/uploads\/2025\/09\/niemes_logo-150x150.png 150w, https:\/\/jsengineering.ee\/wp-content\/uploads\/2025\/09\/niemes_logo-12x12.png 12w\" sizes=\"auto, (max-width: 593px) 100vw, 593px\" \/><\/a><\/figure>\n\n\n\n<ul class=\"wp-block-social-links has-icon-color is-style-logos-only is-layout-flex wp-block-social-links-is-layout-flex\"><li style=\"color:#11562b;\" class=\"wp-social-link wp-social-link-chain has-secondary-color wp-block-social-link\"><a href=\"https:\/\/www.niemes-gmbh.de\/\" class=\"wp-block-social-link-anchor\"><svg width=\"24\" height=\"24\" viewbox=\"0 0 24 24\" version=\"1.1\" xmlns=\"http:\/\/www.w3.org\/2000\/svg\" aria-hidden=\"true\" focusable=\"false\"><path d=\"M15.6,7.2H14v1.5h1.6c2,0,3.7,1.7,3.7,3.7s-1.7,3.7-3.7,3.7H14v1.5h1.6c2.8,0,5.2-2.3,5.2-5.2,0-2.9-2.3-5.2-5.2-5.2zM4.7,12.4c0-2,1.7-3.7,3.7-3.7H10V7.2H8.4c-2.9,0-5.2,2.3-5.2,5.2,0,2.9,2.3,5.2,5.2,5.2H10v-1.5H8.4c-2,0-3.7-1.7-3.7-3.7zm4.6.9h5.3v-1.5H9.3v1.5z\"><\/path><\/svg><span class=\"wp-block-social-link-label screen-reader-text\">Link<\/span><\/a><\/li><\/ul>\n<\/div>\n\n\n\n<p>NIEMES Dosiertechnik is a German company specializing in the development and manufacture of dosing and application systems. Their focus is on the precise and efficient processing of liquid and paste-like materials such as adhesives, sealants, or casting compounds.<\/p>\n\n\n\n<ul class=\"wp-block-list\">\n<li>Single- and multi-component dosing and mixing solutions,<\/li>\n\n\n\n<li>The wood and furniture industries, but also the chemical and machinery industries.<\/li>\n\n\n\n<li>From manual devices to fully automated application systems;<\/li>\n\n\n\n<li>The devices are delivered ready for use and factory tested.<\/li>\n<\/ul>\n\n\n\n<div class=\"wp-block-cb-carousel-v2 cb-carousel-block cb-single-slide\" data-cb-slides-per-view=\"1\" data-cb-slides-per-group=\"1\" data-cb-space-between=\"15\" data-cb-speed=\"300\" data-cb-navigation=\"true\" data-cb-pagination=\"true\" data-cb-loop=\"true\" data-cb-breakpoints=\"{&quot;768&quot;:{&quot;slidesPerView&quot;:1,&quot;slidesPerGroup&quot;:1}}\"><div class=\"swiper\"><div class=\"cb-wrapper swiper-wrapper\">\n<div class=\"wp-block-cb-slide-v2 cb-slide swiper-slide\">\n<figure class=\"wp-block-image aligncenter size-full is-resized\"><img loading=\"lazy\" decoding=\"async\" width=\"735\" height=\"400\" src=\"https:\/\/jsengineering.ee\/wp-content\/uploads\/2025\/09\/niemes1.jpg\" alt=\"Complete Niemes manual glue application pistol and nozzle with changeable width\" class=\"wp-image-511\" style=\"width:auto;height:300px\" srcset=\"https:\/\/jsengineering.ee\/wp-content\/uploads\/2025\/09\/niemes1.jpg 735w, https:\/\/jsengineering.ee\/wp-content\/uploads\/2025\/09\/niemes1-300x163.jpg 300w, https:\/\/jsengineering.ee\/wp-content\/uploads\/2025\/09\/niemes1-18x10.jpg 18w\" sizes=\"auto, (max-width: 735px) 100vw, 735px\" \/><\/figure>\n<\/div>\n\n\n\n<div class=\"wp-block-cb-slide-v2 cb-slide swiper-slide\">\n<figure class=\"wp-block-image aligncenter size-full is-resized\"><img loading=\"lazy\" decoding=\"async\" width=\"1552\" height=\"2560\" src=\"https:\/\/jsengineering.ee\/wp-content\/uploads\/2025\/09\/niemes2-scaled.jpg\" alt=\"Complete Niemes manual glue application with glue barrel\" class=\"wp-image-512\" style=\"width:auto;height:300px\" srcset=\"https:\/\/jsengineering.ee\/wp-content\/uploads\/2025\/09\/niemes2-scaled.jpg 1552w, https:\/\/jsengineering.ee\/wp-content\/uploads\/2025\/09\/niemes2-182x300.jpg 182w, https:\/\/jsengineering.ee\/wp-content\/uploads\/2025\/09\/niemes2-621x1024.jpg 621w, https:\/\/jsengineering.ee\/wp-content\/uploads\/2025\/09\/niemes2-768x1267.jpg 768w, https:\/\/jsengineering.ee\/wp-content\/uploads\/2025\/09\/niemes2-931x1536.jpg 931w\" sizes=\"auto, (max-width: 1552px) 100vw, 1552px\" \/><\/figure>\n<\/div>\n\n\n\n<div class=\"wp-block-cb-slide-v2 cb-slide swiper-slide\">\n<figure class=\"wp-block-image aligncenter size-full is-resized\"><img loading=\"lazy\" decoding=\"async\" width=\"560\" height=\"400\" src=\"https:\/\/jsengineering.ee\/wp-content\/uploads\/2025\/09\/niemes3.jpg\" alt=\"Detail of Niemes surface glue application system\" class=\"wp-image-513\" style=\"width:auto;height:300px\" srcset=\"https:\/\/jsengineering.ee\/wp-content\/uploads\/2025\/09\/niemes3.jpg 560w, https:\/\/jsengineering.ee\/wp-content\/uploads\/2025\/09\/niemes3-300x214.jpg 300w, https:\/\/jsengineering.ee\/wp-content\/uploads\/2025\/09\/niemes3-18x12.jpg 18w\" sizes=\"auto, (max-width: 560px) 100vw, 560px\" \/><\/figure>\n<\/div>\n<\/div><\/div><div class=\"cb-pagination swiper-pagination\"><\/div><div class=\"cb-button-prev swiper-button-prev\"><\/div><div class=\"cb-button-next swiper-button-next\"><\/div><\/div>\n\n\n\n<div class=\"wp-block-buttons is-content-justification-center is-layout-flex wp-container-core-buttons-is-layout-a89b3969 wp-block-buttons-is-layout-flex\">\n<div class=\"wp-block-button is-style-fill\"><a class=\"wp-block-button__link wp-element-button\" href=\"https:\/\/jsengineering.ee\/en\/kontakt\/\">Get in touch with us!<\/a><\/div>\n<\/div>","protected":false},"excerpt":{"rendered":"<p>NIEMES Dosiertechnik NIEMES Dosiertechnik on Saksa ettev\u00f5te, mis on spetsialiseerunud doseerimis- ja applikatsioonis\u00fcsteemide arendamisele ja tootmisele. Nende fookus on vedelate ja pastaste materjalide \u2013 nagu liimid, hermeetikud v\u00f5i valumassid \u2013 t\u00e4psene ja efektiivne t\u00f6\u00f6tlus.<\/p>","protected":false},"author":1,"featured_media":0,"parent":32,"menu_order":0,"comment_status":"closed","ping_status":"closed","template":"no-title","meta":{"_monsterinsights_skip_tracking":false,"_monsterinsights_sitenote_active":false,"_monsterinsights_sitenote_note":"","_monsterinsights_sitenote_category":0,"footnotes":""},"folder":[],"class_list":["post-503","page","type-page","status-publish","hentry"],"aioseo_notices":[],"_links":{"self":[{"href":"https:\/\/jsengineering.ee\/en\/wp-json\/wp\/v2\/pages\/503","targetHints":{"allow":["GET"]}}],"collection":[{"href":"https:\/\/jsengineering.ee\/en\/wp-json\/wp\/v2\/pages"}],"about":[{"href":"https:\/\/jsengineering.ee\/en\/wp-json\/wp\/v2\/types\/page"}],"author":[{"embeddable":true,"href":"https:\/\/jsengineering.ee\/en\/wp-json\/wp\/v2\/users\/1"}],"replies":[{"embeddable":true,"href":"https:\/\/jsengineering.ee\/en\/wp-json\/wp\/v2\/comments?post=503"}],"version-history":[{"count":5,"href":"https:\/\/jsengineering.ee\/en\/wp-json\/wp\/v2\/pages\/503\/revisions"}],"predecessor-version":[{"id":698,"href":"https:\/\/jsengineering.ee\/en\/wp-json\/wp\/v2\/pages\/503\/revisions\/698"}],"up":[{"embeddable":true,"href":"https:\/\/jsengineering.ee\/en\/wp-json\/wp\/v2\/pages\/32"}],"wp:attachment":[{"href":"https:\/\/jsengineering.ee\/en\/wp-json\/wp\/v2\/media?parent=503"}],"wp:term":[{"taxonomy":"folder","embeddable":true,"href":"https:\/\/jsengineering.ee\/en\/wp-json\/wp\/v2\/folder?post=503"}],"curies":[{"name":"wp","href":"https:\/\/api.w.org\/{rel}","templated":true}]}}