{"id":489,"date":"2025-09-04T14:47:12","date_gmt":"2025-09-04T11:47:12","guid":{"rendered":"https:\/\/jsengineering.ee\/?page_id=489"},"modified":"2025-09-17T14:38:10","modified_gmt":"2025-09-17T11:38:10","slug":"jowat","status":"publish","type":"page","link":"https:\/\/jsengineering.ee\/en\/teenused\/jowat\/","title":{"rendered":"Jowat"},"content":{"rendered":"<div class=\"wp-block-group is-vertical is-content-justification-center is-layout-flex wp-container-core-group-is-layout-ce155fab wp-block-group-is-layout-flex\">\n<div style=\"height:29px\" aria-hidden=\"true\" class=\"wp-block-spacer wp-container-content-7eea9941\"><\/div>\n\n\n\n<h3 class=\"wp-block-heading\">Jowat industrial adhesives<\/h3>\n\n\n\n<figure class=\"wp-block-image aligncenter size-full is-resized\"><a href=\"https:\/\/www.jowat.com\/en\/\"><img loading=\"lazy\" decoding=\"async\" width=\"404\" height=\"404\" src=\"https:\/\/jsengineering.ee\/wp-content\/uploads\/2025\/09\/Image_Editor.png\" alt=\"Jowat Adhesives Logo\" class=\"wp-image-486\" style=\"width:200px\" srcset=\"https:\/\/jsengineering.ee\/wp-content\/uploads\/2025\/09\/Image_Editor.png 404w, https:\/\/jsengineering.ee\/wp-content\/uploads\/2025\/09\/Image_Editor-300x300.png 300w, https:\/\/jsengineering.ee\/wp-content\/uploads\/2025\/09\/Image_Editor-150x150.png 150w, https:\/\/jsengineering.ee\/wp-content\/uploads\/2025\/09\/Image_Editor-12x12.png 12w\" sizes=\"auto, (max-width: 404px) 100vw, 404px\" \/><\/a><\/figure>\n\n\n\n<ul class=\"wp-block-social-links has-icon-color is-style-logos-only is-layout-flex wp-block-social-links-is-layout-flex\"><li style=\"color:#11562b;\" class=\"wp-social-link wp-social-link-chain has-secondary-color wp-block-social-link\"><a href=\"https:\/\/www.jowat.com\/en\/\" class=\"wp-block-social-link-anchor\"><svg width=\"24\" height=\"24\" viewbox=\"0 0 24 24\" version=\"1.1\" xmlns=\"http:\/\/www.w3.org\/2000\/svg\" aria-hidden=\"true\" focusable=\"false\"><path d=\"M15.6,7.2H14v1.5h1.6c2,0,3.7,1.7,3.7,3.7s-1.7,3.7-3.7,3.7H14v1.5h1.6c2.8,0,5.2-2.3,5.2-5.2,0-2.9-2.3-5.2-5.2-5.2zM4.7,12.4c0-2,1.7-3.7,3.7-3.7H10V7.2H8.4c-2.9,0-5.2,2.3-5.2,5.2,0,2.9,2.3,5.2,5.2,5.2H10v-1.5H8.4c-2,0-3.7-1.7-3.7-3.7zm4.6.9h5.3v-1.5H9.3v1.5z\"><\/path><\/svg><span class=\"wp-block-social-link-label screen-reader-text\">Link<\/span><\/a><\/li>\n\n<li style=\"color:#11562b;\" class=\"wp-social-link wp-social-link-linkedin has-secondary-color wp-block-social-link\"><a href=\"https:\/\/www.linkedin.com\/company\/jowat\/\" class=\"wp-block-social-link-anchor\"><svg width=\"24\" height=\"24\" viewbox=\"0 0 24 24\" version=\"1.1\" xmlns=\"http:\/\/www.w3.org\/2000\/svg\" aria-hidden=\"true\" focusable=\"false\"><path d=\"M19.7,3H4.3C3.582,3,3,3.582,3,4.3v15.4C3,20.418,3.582,21,4.3,21h15.4c0.718,0,1.3-0.582,1.3-1.3V4.3 C21,3.582,20.418,3,19.7,3z M8.339,18.338H5.667v-8.59h2.672V18.338z M7.004,8.574c-0.857,0-1.549-0.694-1.549-1.548 c0-0.855,0.691-1.548,1.549-1.548c0.854,0,1.547,0.694,1.547,1.548C8.551,7.881,7.858,8.574,7.004,8.574z M18.339,18.338h-2.669 v-4.177c0-0.996-0.017-2.278-1.387-2.278c-1.389,0-1.601,1.086-1.601,2.206v4.249h-2.667v-8.59h2.559v1.174h0.037 c0.356-0.675,1.227-1.387,2.526-1.387c2.703,0,3.203,1.779,3.203,4.092V18.338z\"><\/path><\/svg><span class=\"wp-block-social-link-label screen-reader-text\">LinkedIn<\/span><\/a><\/li>\n\n<li style=\"color:#11562b;\" class=\"wp-social-link wp-social-link-youtube has-secondary-color wp-block-social-link\"><a href=\"https:\/\/www.youtube.com\/channel\/UCnnQOGIx8Q6vzzt-1ikw8Sg\" class=\"wp-block-social-link-anchor\"><svg width=\"24\" height=\"24\" viewbox=\"0 0 24 24\" version=\"1.1\" xmlns=\"http:\/\/www.w3.org\/2000\/svg\" aria-hidden=\"true\" focusable=\"false\"><path d=\"M21.8,8.001c0,0-0.195-1.378-0.795-1.985c-0.76-0.797-1.613-0.801-2.004-0.847c-2.799-0.202-6.997-0.202-6.997-0.202 h-0.009c0,0-4.198,0-6.997,0.202C4.608,5.216,3.756,5.22,2.995,6.016C2.395,6.623,2.2,8.001,2.2,8.001S2,9.62,2,11.238v1.517 c0,1.618,0.2,3.237,0.2,3.237s0.195,1.378,0.795,1.985c0.761,0.797,1.76,0.771,2.205,0.855c1.6,0.153,6.8,0.201,6.8,0.201 s4.203-0.006,7.001-0.209c0.391-0.047,1.243-0.051,2.004-0.847c0.6-0.607,0.795-1.985,0.795-1.985s0.2-1.618,0.2-3.237v-1.517 C22,9.62,21.8,8.001,21.8,8.001z M9.935,14.594l-0.001-5.62l5.404,2.82L9.935,14.594z\"><\/path><\/svg><span class=\"wp-block-social-link-label screen-reader-text\">YouTube<\/span><\/a><\/li><\/ul>\n<\/div>\n\n\n\n<p>Jowat SE is a German company known worldwide as a supplier of industrial adhesives, particularly hot melt adhesives and other special adhesive solutions. Jowat adhesives are widely used in the wood and furniture industries, as well as in the packaging, automation, and textile sectors. <\/p>\n\n\n\n<h5 class=\"wp-block-heading\">JOWAT PRODUCT RANGE:<\/h5>\n\n\n\n<ul class=\"wp-block-list\">\n<li class=\"translation-block\">Industrial hot melt adhesives<\/li>\n\n\n\n<li>Dispersion-based adhesives<\/li>\n\n\n\n<li>Solvent-based adhesives<\/li>\n\n\n\n<li>Reactive adhesives<\/li>\n\n\n\n<li>Bio-based adhesives<\/li>\n\n\n\n<li class=\"translation-block\">Solutions for edgebanding, lamination and packaging.<\/li>\n<\/ul>\n\n\n\n<div class=\"wp-block-cb-carousel-v2 cb-carousel-block cb-single-slide\" data-cb-slides-per-view=\"1\" data-cb-slides-per-group=\"1\" data-cb-space-between=\"15\" data-cb-speed=\"300\" data-cb-navigation=\"true\" data-cb-pagination=\"true\" data-cb-loop=\"true\" data-cb-breakpoints=\"{&quot;768&quot;:{&quot;slidesPerView&quot;:1,&quot;slidesPerGroup&quot;:1}}\"><div class=\"swiper\"><div class=\"cb-wrapper swiper-wrapper\">\n<div class=\"wp-block-cb-slide-v2 cb-slide swiper-slide\">\n<figure class=\"wp-block-image aligncenter size-full is-resized\"><img loading=\"lazy\" decoding=\"async\" width=\"1200\" height=\"797\" src=\"https:\/\/jsengineering.ee\/wp-content\/uploads\/2025\/09\/jowat1.avif\" alt=\"Solid wood boards glued with Jowat PUR or PVAc glue\" class=\"wp-image-515\" style=\"width:auto;height:300px\" srcset=\"https:\/\/jsengineering.ee\/wp-content\/uploads\/2025\/09\/jowat1.avif 1200w, https:\/\/jsengineering.ee\/wp-content\/uploads\/2025\/09\/jowat1-300x199.avif 300w, https:\/\/jsengineering.ee\/wp-content\/uploads\/2025\/09\/jowat1-1024x680.avif 1024w, https:\/\/jsengineering.ee\/wp-content\/uploads\/2025\/09\/jowat1-768x510.avif 768w, https:\/\/jsengineering.ee\/wp-content\/uploads\/2025\/09\/jowat1-18x12.avif 18w\" sizes=\"auto, (max-width: 1200px) 100vw, 1200px\" \/><\/figure>\n<\/div>\n\n\n\n<div class=\"wp-block-cb-slide-v2 cb-slide swiper-slide\">\n<figure class=\"wp-block-image aligncenter size-large is-resized\"><img loading=\"lazy\" decoding=\"async\" width=\"1024\" height=\"754\" src=\"https:\/\/jsengineering.ee\/wp-content\/uploads\/2025\/09\/jowat2-1024x754.avif\" alt=\"Lightweight wooden panels stacked and glued with Jowat glues\" class=\"wp-image-516\" style=\"width:400px\" srcset=\"https:\/\/jsengineering.ee\/wp-content\/uploads\/2025\/09\/jowat2-1024x754.avif 1024w, https:\/\/jsengineering.ee\/wp-content\/uploads\/2025\/09\/jowat2-300x221.avif 300w, https:\/\/jsengineering.ee\/wp-content\/uploads\/2025\/09\/jowat2-768x566.avif 768w, https:\/\/jsengineering.ee\/wp-content\/uploads\/2025\/09\/jowat2-16x12.avif 16w, https:\/\/jsengineering.ee\/wp-content\/uploads\/2025\/09\/jowat2.avif 1200w\" sizes=\"auto, (max-width: 1024px) 100vw, 1024px\" \/><\/figure>\n<\/div>\n\n\n\n<div class=\"wp-block-cb-slide-v2 cb-slide swiper-slide\">\n<figure class=\"wp-block-image aligncenter size-full is-resized\"><img loading=\"lazy\" decoding=\"async\" width=\"1200\" height=\"960\" src=\"https:\/\/jsengineering.ee\/wp-content\/uploads\/2025\/09\/jowat3.avif\" alt=\"Particle board glued with edgebanding on one side by Jowat\" class=\"wp-image-517\" style=\"width:auto;height:300px\" srcset=\"https:\/\/jsengineering.ee\/wp-content\/uploads\/2025\/09\/jowat3.avif 1200w, https:\/\/jsengineering.ee\/wp-content\/uploads\/2025\/09\/jowat3-300x240.avif 300w, https:\/\/jsengineering.ee\/wp-content\/uploads\/2025\/09\/jowat3-1024x819.avif 1024w, https:\/\/jsengineering.ee\/wp-content\/uploads\/2025\/09\/jowat3-768x614.avif 768w, https:\/\/jsengineering.ee\/wp-content\/uploads\/2025\/09\/jowat3-15x12.avif 15w\" sizes=\"auto, (max-width: 1200px) 100vw, 1200px\" \/><\/figure>\n<\/div>\n<\/div><\/div><div class=\"cb-pagination swiper-pagination\"><\/div><div class=\"cb-button-prev swiper-button-prev\"><\/div><div class=\"cb-button-next swiper-button-next\"><\/div><\/div>\n\n\n\n<div class=\"wp-block-buttons is-content-justification-center is-layout-flex wp-container-core-buttons-is-layout-a89b3969 wp-block-buttons-is-layout-flex\">\n<div class=\"wp-block-button is-style-fill\"><a class=\"wp-block-button__link wp-element-button\" href=\"https:\/\/jsengineering.ee\/en\/kontakt\/\">Get in touch with us!<\/a><\/div>\n<\/div>","protected":false},"excerpt":{"rendered":"<p>Jowat t\u00f6\u00f6stusliimid Jowat SE on Saksa ettev\u00f5te, mis on maailmas tuntud t\u00f6\u00f6stusliimide pakkujana, eriti kuumliimide ja muude spetsiaalsete liimilahenduste osas. Jowati liime kasutatakse laialdaselt puidu ja m\u00f6\u00f6bli, aga ka pakendamise, automaatika ja tekstiili sektorites. JOWATI TOOTEVALIK:<\/p>","protected":false},"author":1,"featured_media":0,"parent":32,"menu_order":0,"comment_status":"closed","ping_status":"closed","template":"no-title","meta":{"_monsterinsights_skip_tracking":false,"_monsterinsights_sitenote_active":false,"_monsterinsights_sitenote_note":"","_monsterinsights_sitenote_category":0,"footnotes":""},"folder":[],"class_list":["post-489","page","type-page","status-publish","hentry"],"aioseo_notices":[],"_links":{"self":[{"href":"https:\/\/jsengineering.ee\/en\/wp-json\/wp\/v2\/pages\/489","targetHints":{"allow":["GET"]}}],"collection":[{"href":"https:\/\/jsengineering.ee\/en\/wp-json\/wp\/v2\/pages"}],"about":[{"href":"https:\/\/jsengineering.ee\/en\/wp-json\/wp\/v2\/types\/page"}],"author":[{"embeddable":true,"href":"https:\/\/jsengineering.ee\/en\/wp-json\/wp\/v2\/users\/1"}],"replies":[{"embeddable":true,"href":"https:\/\/jsengineering.ee\/en\/wp-json\/wp\/v2\/comments?post=489"}],"version-history":[{"count":5,"href":"https:\/\/jsengineering.ee\/en\/wp-json\/wp\/v2\/pages\/489\/revisions"}],"predecessor-version":[{"id":696,"href":"https:\/\/jsengineering.ee\/en\/wp-json\/wp\/v2\/pages\/489\/revisions\/696"}],"up":[{"embeddable":true,"href":"https:\/\/jsengineering.ee\/en\/wp-json\/wp\/v2\/pages\/32"}],"wp:attachment":[{"href":"https:\/\/jsengineering.ee\/en\/wp-json\/wp\/v2\/media?parent=489"}],"wp:term":[{"taxonomy":"folder","embeddable":true,"href":"https:\/\/jsengineering.ee\/en\/wp-json\/wp\/v2\/folder?post=489"}],"curies":[{"name":"wp","href":"https:\/\/api.w.org\/{rel}","templated":true}]}}