{"id":30,"date":"2025-07-02T13:07:33","date_gmt":"2025-07-02T13:07:33","guid":{"rendered":"https:\/\/jsengineering.ee\/contact\/"},"modified":"2025-09-25T14:53:06","modified_gmt":"2025-09-25T11:53:06","slug":"kontakt","status":"publish","type":"page","link":"https:\/\/jsengineering.ee\/en\/kontakt\/","title":{"rendered":"Contact"},"content":{"rendered":"<div class=\"wp-block-group alignfull has-foreground-background-color has-background has-global-padding is-layout-constrained wp-block-group-is-layout-constrained\" style=\"margin-top:0;margin-bottom:0;padding-top:0;padding-bottom:0\">\n<div class=\"wp-block-group alignwide has-global-padding is-layout-constrained wp-block-group-is-layout-constrained\" style=\"padding-top:var(--wp--preset--spacing--30);padding-bottom:var(--wp--preset--spacing--30)\">\n<h1 class=\"wp-block-heading alignwide has-background-color has-text-color\" style=\"font-size:clamp(0.875rem, 0.875rem + ((1vw - 0.2rem) * 0.75), 1.25rem);\">Our contacts<\/h1>\n<\/div>\n<\/div>\n\n\n\n<h3 class=\"wp-block-heading\">Get in touch with us!<\/h3>\n\n\n\n<div class=\"wp-block-group alignfull has-background-background-color has-background has-global-padding is-layout-constrained wp-container-core-group-is-layout-254d6575 wp-block-group-is-layout-constrained\" id=\"contact\" style=\"margin-top:0;margin-bottom:0;padding-top:var(--wp--preset--spacing--60);padding-right:var(--wp--preset--spacing--30);padding-bottom:var(--wp--preset--spacing--60);padding-left:var(--wp--preset--spacing--30)\">\n<div class=\"wp-block-group alignwide has-tertiary-background-color has-background has-global-padding is-layout-constrained wp-container-core-group-is-layout-52009084 wp-block-group-is-layout-constrained\" style=\"border-radius:1.5rem;padding-top:var(--wp--preset--spacing--40);padding-right:var(--wp--preset--spacing--40);padding-bottom:var(--wp--preset--spacing--40);padding-left:var(--wp--preset--spacing--40)\">\n<div class=\"wp-block-group has-global-padding is-layout-constrained wp-container-core-group-is-layout-bc384794 wp-block-group-is-layout-constrained\" style=\"margin-top:0;margin-bottom:0;padding-top:0;padding-right:0;padding-bottom:0;padding-left:0\">\n<p class=\"has-text-align-center\"><strong>info@jsengineering.ee<\/strong><\/p>\n\n\n\n<p class=\"has-text-align-center\" style=\"margin-top:0;margin-bottom:0\"><strong>+372 6 237 800<\/strong><\/p>\n\n\n\n<p class=\"has-text-align-center has-small-font-size\" style=\"margin-top:0px;margin-bottom:0px\">J.S. Insenerib\u00fcroo O\u00dc<\/p>\n\n\n\n<p class=\"has-text-align-center has-small-font-size\" style=\"margin-top:0\">reg.10493541&nbsp;<br>VAT. EE100524321<\/p>\n<\/div>\n\n\n\n<div class=\"wp-block-group has-global-padding is-layout-constrained wp-container-core-group-is-layout-19e250f3 wp-block-group-is-layout-constrained\">\n<p><strong>Office<\/strong><br>Katusepapi 4\/1&nbsp;<br>EE11412 Tallinn<br>Estonia<\/p>\n\n\n\n<p><a href=\"https:\/\/maps.app.goo.gl\/i6Hbqp8wAe4SZMAf6\">Google Maps<\/a><\/p>\n<\/div>\n\n\n\n<div class=\"wp-block-columns is-layout-flex wp-container-core-columns-is-layout-28f84493 wp-block-columns-is-layout-flex\">\n<div class=\"wp-block-column is-layout-flow wp-container-core-column-is-layout-92d440f1 wp-block-column-is-layout-flow\" style=\"padding-top:0;padding-bottom:0\">\n<p><strong>Warehouse<\/strong><br>2nd loading bay<br>Visase street 5<br>EE11415 Tallinn<br>Estonia<\/p>\n\n\n\n<p><a href=\"https:\/\/maps.app.goo.gl\/9aVXrZk36F682CsE9\" title=\"\">Google Maps<\/a><\/p>\n<\/div>\n\n\n\n<div class=\"wp-block-column is-layout-flow wp-block-column-is-layout-flow\">\n<p> <br>www.via-estonia.com<br>Open: 8 am - 5 pm<br>+372 6 517 030<br>ladu@ar.ee&nbsp;<\/p>\n<\/div>\n<\/div>\n<\/div>\n<\/div>\n\n\n\n<div class=\"wp-block-group alignfull has-tertiary-background-color has-background has-global-padding is-layout-constrained wp-container-core-group-is-layout-7276a2bb wp-block-group-is-layout-constrained\" id=\"team\" style=\"margin-top:0;margin-bottom:0;padding-top:var(--wp--preset--spacing--60);padding-right:var(--wp--preset--spacing--30);padding-bottom:var(--wp--preset--spacing--60);padding-left:var(--wp--preset--spacing--30)\">\n<div class=\"wp-block-group alignwide is-vertical is-layout-flex wp-container-core-group-is-layout-fe9cc265 wp-block-group-is-layout-flex\">\n<div class=\"wp-block-group alignwide has-global-padding is-content-justification-left is-layout-constrained wp-container-core-group-is-layout-8b4c372c wp-block-group-is-layout-constrained\">\n<h2 class=\"wp-block-heading\" style=\"margin-top:12px\">Our team<\/h2>\n\n\n\n<p class=\"has-medium-font-size\" style=\"margin-top:16px\">We are a small but dedicated team<\/p>\n<\/div>\n\n\n\n<div class=\"wp-block-group is-nowrap is-layout-flex wp-container-core-group-is-layout-6c531013 wp-block-group-is-layout-flex\"><\/div>\n<\/div>\n\n\n\n<div class=\"wp-block-columns alignwide is-layout-flex wp-container-core-columns-is-layout-28f84493 wp-block-columns-is-layout-flex\">\n<div class=\"wp-block-column is-layout-flow wp-container-core-column-is-layout-f5bb311e wp-block-column-is-layout-flow\" style=\"flex-basis:50%\">\n<div class=\"wp-block-columns has-background-background-color has-background is-layout-flex wp-container-core-columns-is-layout-d47a2335 wp-block-columns-is-layout-flex\" style=\"border-radius:1.5rem;padding-top:1.5rem;padding-right:1.5rem;padding-bottom:1.5rem;padding-left:1.5rem\">\n<div class=\"wp-block-column is-layout-flow wp-block-column-is-layout-flow\" style=\"flex-basis:50%\">\n<figure class=\"wp-block-image size-full is-resized has-custom-border is-style-default extendify-image-import\"><img loading=\"lazy\" decoding=\"async\" width=\"200\" height=\"200\" src=\"https:\/\/jsengineering.ee\/wp-content\/uploads\/2025\/07\/jaanus_pilt.jpeg\" alt=\"\" class=\"wp-image-363\" style=\"border-radius:1.5rem;aspect-ratio:1;object-fit:cover;width:200px\" srcset=\"https:\/\/jsengineering.ee\/wp-content\/uploads\/2025\/07\/jaanus_pilt.jpeg 200w, https:\/\/jsengineering.ee\/wp-content\/uploads\/2025\/07\/jaanus_pilt-150x150.jpeg 150w, https:\/\/jsengineering.ee\/wp-content\/uploads\/2025\/07\/jaanus_pilt-12x12.jpeg 12w\" sizes=\"auto, (max-width: 200px) 100vw, 200px\" \/><\/figure>\n<\/div>\n\n\n\n<div class=\"wp-block-column is-layout-flow wp-block-column-is-layout-flow\" style=\"padding-top:var(--wp--preset--spacing--20);padding-bottom:var(--wp--preset--spacing--20);flex-basis:50%\">\n<h4 class=\"wp-block-heading\" style=\"font-size:clamp(15.747px, 0.984rem + ((1vw - 3.2px) * 1.032), 24px);\">Jaanus Salla<\/h4>\n\n\n\n<p class=\"has-primary-color has-text-color has-small-font-size\" style=\"margin-top:4px\">Manager, industrial adhesives and equipment<\/p>\n\n\n\n<p class=\"has-small-font-size\" style=\"margin-top:12px\">+372 51 45 059<br>jaanus@jsengineering.ee<\/p>\n<\/div>\n<\/div>\n\n\n\n<div class=\"wp-block-columns has-background-background-color has-background is-layout-flex wp-container-core-columns-is-layout-d47a2335 wp-block-columns-is-layout-flex\" style=\"border-radius:1.5rem;padding-top:1.5rem;padding-right:1.5rem;padding-bottom:1.5rem;padding-left:1.5rem\">\n<div class=\"wp-block-column is-layout-flow wp-block-column-is-layout-flow\" style=\"flex-basis:50%\">\n<figure class=\"wp-block-image size-large is-resized has-custom-border is-style-default extendify-image-import\"><img loading=\"lazy\" decoding=\"async\" width=\"1024\" height=\"1024\" src=\"https:\/\/jsengineering.ee\/wp-content\/uploads\/2025\/07\/Ott-Salla-ja-ATLAS-detektor_0-1024x1024.jpg\" alt=\"\" class=\"wp-image-366\" style=\"border-radius:1.5rem;aspect-ratio:1;object-fit:cover;width:200px\" srcset=\"https:\/\/jsengineering.ee\/wp-content\/uploads\/2025\/07\/Ott-Salla-ja-ATLAS-detektor_0-1024x1024.jpg 1024w, https:\/\/jsengineering.ee\/wp-content\/uploads\/2025\/07\/Ott-Salla-ja-ATLAS-detektor_0-300x300.jpg 300w, https:\/\/jsengineering.ee\/wp-content\/uploads\/2025\/07\/Ott-Salla-ja-ATLAS-detektor_0-150x150.jpg 150w, https:\/\/jsengineering.ee\/wp-content\/uploads\/2025\/07\/Ott-Salla-ja-ATLAS-detektor_0-768x768.jpg 768w, https:\/\/jsengineering.ee\/wp-content\/uploads\/2025\/07\/Ott-Salla-ja-ATLAS-detektor_0-1536x1536.jpg 1536w, https:\/\/jsengineering.ee\/wp-content\/uploads\/2025\/07\/Ott-Salla-ja-ATLAS-detektor_0-2048x2048.jpg 2048w, https:\/\/jsengineering.ee\/wp-content\/uploads\/2025\/07\/Ott-Salla-ja-ATLAS-detektor_0-12x12.jpg 12w\" sizes=\"auto, (max-width: 1024px) 100vw, 1024px\" \/><\/figure>\n<\/div>\n\n\n\n<div class=\"wp-block-column is-layout-flow wp-block-column-is-layout-flow\" style=\"padding-top:var(--wp--preset--spacing--20);padding-bottom:var(--wp--preset--spacing--20);flex-basis:50%\">\n<h4 class=\"wp-block-heading\" style=\"font-size:clamp(15.747px, 0.984rem + ((1vw - 3.2px) * 1.032), 24px);\">Ott Salla<\/h4>\n\n\n\n<p class=\"has-primary-color has-text-color has-small-font-size\" style=\"margin-top:4px\">Development, system management and spare parts<\/p>\n\n\n\n<p class=\"has-small-font-size\" style=\"margin-top:12px\">ott@jsengineering.ee<\/p>\n<\/div>\n<\/div>\n<\/div>\n\n\n\n<div class=\"wp-block-column is-layout-flow wp-container-core-column-is-layout-f5bb311e wp-block-column-is-layout-flow\" style=\"flex-basis:50%\">\n<div class=\"wp-block-columns has-background-background-color has-background is-layout-flex wp-container-core-columns-is-layout-d47a2335 wp-block-columns-is-layout-flex\" style=\"border-radius:1.5rem;padding-top:1.5rem;padding-right:1.5rem;padding-bottom:1.5rem;padding-left:1.5rem\">\n<div class=\"wp-block-column is-layout-flow wp-block-column-is-layout-flow\" style=\"flex-basis:50%\">\n<figure class=\"wp-block-image size-full is-resized has-custom-border is-style-default extendify-image-import\"><img loading=\"lazy\" decoding=\"async\" width=\"363\" height=\"360\" src=\"https:\/\/jsengineering.ee\/wp-content\/uploads\/2025\/07\/marelle_ajutine.jpg\" alt=\"\" class=\"wp-image-365\" style=\"border-radius:1.5rem;aspect-ratio:1;object-fit:cover;width:200px\" srcset=\"https:\/\/jsengineering.ee\/wp-content\/uploads\/2025\/07\/marelle_ajutine.jpg 363w, https:\/\/jsengineering.ee\/wp-content\/uploads\/2025\/07\/marelle_ajutine-300x298.jpg 300w, https:\/\/jsengineering.ee\/wp-content\/uploads\/2025\/07\/marelle_ajutine-150x150.jpg 150w, https:\/\/jsengineering.ee\/wp-content\/uploads\/2025\/07\/marelle_ajutine-12x12.jpg 12w\" sizes=\"auto, (max-width: 363px) 100vw, 363px\" \/><\/figure>\n<\/div>\n\n\n\n<div class=\"wp-block-column is-layout-flow wp-block-column-is-layout-flow\" style=\"padding-top:var(--wp--preset--spacing--20);padding-bottom:var(--wp--preset--spacing--20);flex-basis:50%\">\n<h4 class=\"wp-block-heading has-text-align-left\" style=\"font-size:clamp(15.747px, 0.984rem + ((1vw - 3.2px) * 1.032), 24px);\">Marelle S\u00fcda<\/h4>\n\n\n\n<p class=\"has-text-align-left has-primary-color has-text-color has-small-font-size\" style=\"margin-top:14px;margin-bottom:14px\">Orders, invoices, and logistics<\/p>\n\n\n\n<p class=\"has-small-font-size\" style=\"margin-top:12px\">+372 50 54 973<br>marelle@jsengineering.ee<\/p>\n<\/div>\n<\/div>\n\n\n\n<div class=\"wp-block-columns has-background-background-color has-background is-layout-flex wp-container-core-columns-is-layout-d47a2335 wp-block-columns-is-layout-flex\" style=\"border-radius:1.5rem;padding-top:1.5rem;padding-right:1.5rem;padding-bottom:1.5rem;padding-left:1.5rem\">\n<div class=\"wp-block-column is-layout-flow wp-block-column-is-layout-flow\" style=\"flex-basis:50%\">\n<figure class=\"wp-block-image is-resized has-custom-border is-style-default extendify-image-import\"><img loading=\"lazy\" decoding=\"async\" width=\"1080\" height=\"608\" src=\"https:\/\/jsengineering.ee\/wp-content\/uploads\/2025\/07\/image-2.jpg\" alt=\"\" class=\"wp-image-313\" style=\"border-radius:1.5rem;aspect-ratio:1;object-fit:cover;width:200px\" srcset=\"https:\/\/jsengineering.ee\/wp-content\/uploads\/2025\/07\/image-2.jpg 1080w, https:\/\/jsengineering.ee\/wp-content\/uploads\/2025\/07\/image-2-300x169.jpg 300w, https:\/\/jsengineering.ee\/wp-content\/uploads\/2025\/07\/image-2-1024x576.jpg 1024w, https:\/\/jsengineering.ee\/wp-content\/uploads\/2025\/07\/image-2-768x432.jpg 768w, https:\/\/jsengineering.ee\/wp-content\/uploads\/2025\/07\/image-2-18x10.jpg 18w\" sizes=\"auto, (max-width: 1080px) 100vw, 1080px\" \/><\/figure>\n<\/div>\n\n\n\n<div class=\"wp-block-column is-layout-flow wp-block-column-is-layout-flow\" style=\"padding-top:var(--wp--preset--spacing--20);padding-bottom:var(--wp--preset--spacing--20);flex-basis:50%\">\n<h4 class=\"wp-block-heading\" style=\"font-size:clamp(15.747px, 0.984rem + ((1vw - 3.2px) * 1.032), 24px);\">You?<\/h4>\n\n\n\n<p class=\"has-primary-color has-text-color has-small-font-size\" style=\"margin-top:40px;margin-bottom:40px\">Get in contact!<\/p>\n\n\n\n<p class=\"has-small-font-size\" style=\"margin-top:12px\"><\/p>\n<\/div>\n<\/div>\n<\/div>\n<\/div>\n<\/div>","protected":false},"excerpt":{"rendered":"<p>Meie kontaktid V\u00f5tke meiega \u00fchendust! info@jsengineering.ee +372 6 237 800 J.S. Insenerib\u00fcroo O\u00dc reg.10493541&nbsp;VAT. EE100524321 KontorKatusepapi 4\/1&nbsp;EE11412 TallinnEstonia Google Maps Ladu2. laadmissildVisase tn 5EE11415 TallinnEstonia Google Maps www.via-estonia.comAvatud: 8.00-17.00+372 6 517 030ladu@ar.ee&nbsp;<\/p>","protected":false},"author":1,"featured_media":0,"parent":0,"menu_order":0,"comment_status":"closed","ping_status":"closed","template":"no-title","meta":{"_monsterinsights_skip_tracking":false,"_monsterinsights_sitenote_active":false,"_monsterinsights_sitenote_note":"","_monsterinsights_sitenote_category":0,"footnotes":""},"folder":[],"class_list":["post-30","page","type-page","status-publish","hentry"],"aioseo_notices":[],"_links":{"self":[{"href":"https:\/\/jsengineering.ee\/en\/wp-json\/wp\/v2\/pages\/30","targetHints":{"allow":["GET"]}}],"collection":[{"href":"https:\/\/jsengineering.ee\/en\/wp-json\/wp\/v2\/pages"}],"about":[{"href":"https:\/\/jsengineering.ee\/en\/wp-json\/wp\/v2\/types\/page"}],"author":[{"embeddable":true,"href":"https:\/\/jsengineering.ee\/en\/wp-json\/wp\/v2\/users\/1"}],"replies":[{"embeddable":true,"href":"https:\/\/jsengineering.ee\/en\/wp-json\/wp\/v2\/comments?post=30"}],"version-history":[{"count":17,"href":"https:\/\/jsengineering.ee\/en\/wp-json\/wp\/v2\/pages\/30\/revisions"}],"predecessor-version":[{"id":780,"href":"https:\/\/jsengineering.ee\/en\/wp-json\/wp\/v2\/pages\/30\/revisions\/780"}],"wp:attachment":[{"href":"https:\/\/jsengineering.ee\/en\/wp-json\/wp\/v2\/media?parent=30"}],"wp:term":[{"taxonomy":"folder","embeddable":true,"href":"https:\/\/jsengineering.ee\/en\/wp-json\/wp\/v2\/folder?post=30"}],"curies":[{"name":"wp","href":"https:\/\/api.w.org\/{rel}","templated":true}]}}