{"id":29,"date":"2025-07-02T13:07:33","date_gmt":"2025-07-02T13:07:33","guid":{"rendered":"https:\/\/jsengineering.ee\/about\/"},"modified":"2025-09-29T14:24:40","modified_gmt":"2025-09-29T11:24:40","slug":"meist","status":"publish","type":"page","link":"https:\/\/jsengineering.ee\/en\/meist\/","title":{"rendered":"About us"},"content":{"rendered":"<div class=\"wp-block-group alignfull has-foreground-background-color has-background has-global-padding is-layout-constrained wp-block-group-is-layout-constrained\" style=\"margin-top:0;margin-bottom:0;padding-top:0;padding-bottom:0\">\n<div class=\"wp-block-group alignwide has-global-padding is-layout-constrained wp-block-group-is-layout-constrained\" style=\"padding-top:var(--wp--preset--spacing--30);padding-bottom:var(--wp--preset--spacing--30)\">\n<h1 class=\"wp-block-heading alignwide has-background-color has-text-color\" style=\"font-size:clamp(0.875rem, 0.875rem + ((1vw - 0.2rem) * 0.75), 1.25rem);\">Who we are...<\/h1>\n<\/div>\n<\/div>\n\n\n\n<div class=\"wp-block-group alignfull has-background-background-color has-background has-global-padding is-layout-constrained wp-container-core-group-is-layout-28549256 wp-block-group-is-layout-constrained\" id=\"about\" style=\"margin-top:0;margin-bottom:0;padding-top:var(--wp--preset--spacing--60);padding-right:var(--wp--preset--spacing--30);padding-bottom:var(--wp--preset--spacing--60);padding-left:var(--wp--preset--spacing--30)\">\n<div class=\"wp-block-group alignwide is-vertical is-layout-flex wp-container-core-group-is-layout-fe9cc265 wp-block-group-is-layout-flex\">\n<h2 class=\"wp-block-heading alignfull\">J.S. Insenerib\u00fcroo O\u00dc has been operating since 1998. Our clients are located in Estonia, Latvia, Lithuania, and other neighbouring countries.<\/h2>\n\n\n\n<p>Our company has its origins in a collaboration in adhesive technology and binders with one of our key suppliers today, the DYNEA industrial adhesives group. In the field of adhesive bonding processes, we consider our strength to be the complete product package - DYNEA industrial adhesives together with the technology and equipment to use the adhesives - the whole working more efficiently! Of course, we also offer equipment for other adhesive suppliers' products.<\/p>\n\n\n\n<p>Our goal is to be an expert and reliable provider of technology solutions for industry. We want to be the best in our field, and therefore we are not a store that sells everything but we rather focus on technology, especially in the downstream processing of wood - planing, finger jointing, gluing, material and labour optimisation.<\/p>\n\n\n\n<p>We want to offer a comprehensive production solution based on the customer's needs and possibilities, as well as assistance with individual devices.<\/p>\n\n\n\n<p>We have chosen our technology and material suppliers primarily on the basis of criteria such as quality, reliability and flexibility. We want to be a long-term and reliable partner for our customers in technology and materials. We value competence, quality, and the ability to learn. Therefore, we are sincerely interested in your feedback, questions, and suggestions.<\/p>\n\n\n\n<p>Looking forward to a pleasant cooperation,<br><em>Jaanus Salla<\/em><\/p>\n<\/div>\n\n\n\n<figure class=\"wp-block-image aligncenter size-full is-resized extendify-image-import is-style-default wp-duotone-unset-1\" style=\"margin-top:var(--wp--preset--spacing--20);margin-right:0;margin-bottom:var(--wp--preset--spacing--20);margin-left:0\"><img loading=\"lazy\" decoding=\"async\" width=\"1376\" height=\"1033\" src=\"https:\/\/jsengineering.ee\/wp-content\/uploads\/2025\/07\/JSEngTiim.jpg\" alt=\"JS Engineering team photograph\" class=\"wp-image-224\" style=\"width:auto;height:400px\" srcset=\"https:\/\/jsengineering.ee\/wp-content\/uploads\/2025\/07\/JSEngTiim.jpg 1376w, https:\/\/jsengineering.ee\/wp-content\/uploads\/2025\/07\/JSEngTiim-300x225.jpg 300w, https:\/\/jsengineering.ee\/wp-content\/uploads\/2025\/07\/JSEngTiim-1024x769.jpg 1024w, https:\/\/jsengineering.ee\/wp-content\/uploads\/2025\/07\/JSEngTiim-768x577.jpg 768w, https:\/\/jsengineering.ee\/wp-content\/uploads\/2025\/07\/JSEngTiim-16x12.jpg 16w\" sizes=\"auto, (max-width: 1376px) 100vw, 1376px\" \/><\/figure>\n<\/div>\n\n\n\n<div class=\"wp-block-group alignfull has-tertiary-background-color has-background has-global-padding is-layout-constrained wp-container-core-group-is-layout-7276a2bb wp-block-group-is-layout-constrained\" id=\"team\" style=\"margin-top:0;margin-bottom:0;padding-top:var(--wp--preset--spacing--60);padding-right:var(--wp--preset--spacing--30);padding-bottom:var(--wp--preset--spacing--60);padding-left:var(--wp--preset--spacing--30)\">\n<div class=\"wp-block-group alignwide is-vertical is-layout-flex wp-container-core-group-is-layout-fe9cc265 wp-block-group-is-layout-flex\">\n<div class=\"wp-block-group alignwide has-global-padding is-content-justification-left is-layout-constrained wp-container-core-group-is-layout-8b4c372c wp-block-group-is-layout-constrained\">\n<h2 class=\"wp-block-heading\" style=\"margin-top:12px\">Our team<\/h2>\n\n\n\n<p class=\"has-medium-font-size\" style=\"margin-top:16px\">We are a small but dedicated team<\/p>\n<\/div>\n\n\n\n<div class=\"wp-block-group is-nowrap is-layout-flex wp-container-core-group-is-layout-6c531013 wp-block-group-is-layout-flex\"><\/div>\n<\/div>\n\n\n\n<div class=\"wp-block-columns alignwide is-layout-flex wp-container-core-columns-is-layout-28f84493 wp-block-columns-is-layout-flex\">\n<div class=\"wp-block-column is-layout-flow wp-container-core-column-is-layout-f5bb311e wp-block-column-is-layout-flow\" style=\"flex-basis:50%\">\n<div class=\"wp-block-columns has-background-background-color has-background is-layout-flex wp-container-core-columns-is-layout-d47a2335 wp-block-columns-is-layout-flex\" style=\"border-radius:1.5rem;padding-top:1.5rem;padding-right:1.5rem;padding-bottom:1.5rem;padding-left:1.5rem\">\n<div class=\"wp-block-column is-layout-flow wp-block-column-is-layout-flow\" style=\"flex-basis:50%\">\n<figure class=\"wp-block-image size-full is-resized has-custom-border is-style-default extendify-image-import\"><img loading=\"lazy\" decoding=\"async\" width=\"200\" height=\"200\" src=\"https:\/\/jsengineering.ee\/wp-content\/uploads\/2025\/07\/jaanus_pilt.jpeg\" alt=\"\" class=\"wp-image-363\" style=\"border-radius:1.5rem;aspect-ratio:1;object-fit:cover;width:200px\" srcset=\"https:\/\/jsengineering.ee\/wp-content\/uploads\/2025\/07\/jaanus_pilt.jpeg 200w, https:\/\/jsengineering.ee\/wp-content\/uploads\/2025\/07\/jaanus_pilt-150x150.jpeg 150w, https:\/\/jsengineering.ee\/wp-content\/uploads\/2025\/07\/jaanus_pilt-12x12.jpeg 12w\" sizes=\"auto, (max-width: 200px) 100vw, 200px\" \/><\/figure>\n<\/div>\n\n\n\n<div class=\"wp-block-column is-layout-flow wp-block-column-is-layout-flow\" style=\"padding-top:var(--wp--preset--spacing--20);padding-bottom:var(--wp--preset--spacing--20);flex-basis:50%\">\n<h4 class=\"wp-block-heading\" style=\"font-size:clamp(15.747px, 0.984rem + ((1vw - 3.2px) * 1.032), 24px);\">Jaanus Salla<\/h4>\n\n\n\n<p class=\"has-primary-color has-text-color has-small-font-size\" style=\"margin-top:4px\">Manager, industrial adhesives and equipment<\/p>\n\n\n\n<p class=\"has-small-font-size\" style=\"margin-top:12px\">+372 51 45 059<br>jaanus@jsengineering.ee<\/p>\n<\/div>\n<\/div>\n\n\n\n<div class=\"wp-block-columns has-background-background-color has-background is-layout-flex wp-container-core-columns-is-layout-d47a2335 wp-block-columns-is-layout-flex\" style=\"border-radius:1.5rem;padding-top:1.5rem;padding-right:1.5rem;padding-bottom:1.5rem;padding-left:1.5rem\">\n<div class=\"wp-block-column is-layout-flow wp-block-column-is-layout-flow\" style=\"flex-basis:50%\">\n<figure class=\"wp-block-image size-large is-resized has-custom-border is-style-default extendify-image-import\"><img loading=\"lazy\" decoding=\"async\" width=\"1024\" height=\"1024\" src=\"https:\/\/jsengineering.ee\/wp-content\/uploads\/2025\/07\/Ott-Salla-ja-ATLAS-detektor_0-1024x1024.jpg\" alt=\"\" class=\"wp-image-366\" style=\"border-radius:1.5rem;aspect-ratio:1;object-fit:cover;width:200px\" srcset=\"https:\/\/jsengineering.ee\/wp-content\/uploads\/2025\/07\/Ott-Salla-ja-ATLAS-detektor_0-1024x1024.jpg 1024w, https:\/\/jsengineering.ee\/wp-content\/uploads\/2025\/07\/Ott-Salla-ja-ATLAS-detektor_0-300x300.jpg 300w, https:\/\/jsengineering.ee\/wp-content\/uploads\/2025\/07\/Ott-Salla-ja-ATLAS-detektor_0-150x150.jpg 150w, https:\/\/jsengineering.ee\/wp-content\/uploads\/2025\/07\/Ott-Salla-ja-ATLAS-detektor_0-768x768.jpg 768w, https:\/\/jsengineering.ee\/wp-content\/uploads\/2025\/07\/Ott-Salla-ja-ATLAS-detektor_0-1536x1536.jpg 1536w, https:\/\/jsengineering.ee\/wp-content\/uploads\/2025\/07\/Ott-Salla-ja-ATLAS-detektor_0-2048x2048.jpg 2048w, https:\/\/jsengineering.ee\/wp-content\/uploads\/2025\/07\/Ott-Salla-ja-ATLAS-detektor_0-12x12.jpg 12w\" sizes=\"auto, (max-width: 1024px) 100vw, 1024px\" \/><\/figure>\n<\/div>\n\n\n\n<div class=\"wp-block-column is-layout-flow wp-block-column-is-layout-flow\" style=\"padding-top:var(--wp--preset--spacing--20);padding-bottom:var(--wp--preset--spacing--20);flex-basis:50%\">\n<h4 class=\"wp-block-heading\" style=\"font-size:clamp(15.747px, 0.984rem + ((1vw - 3.2px) * 1.032), 24px);\">Ott Salla<\/h4>\n\n\n\n<p class=\"has-primary-color has-text-color has-small-font-size\" style=\"margin-top:4px\">Development, system management and spare parts<\/p>\n\n\n\n<p class=\"has-small-font-size\" style=\"margin-top:12px\">ott@jsengineering.ee<\/p>\n<\/div>\n<\/div>\n<\/div>\n\n\n\n<div class=\"wp-block-column is-layout-flow wp-container-core-column-is-layout-f5bb311e wp-block-column-is-layout-flow\" style=\"flex-basis:50%\">\n<div class=\"wp-block-columns has-background-background-color has-background is-layout-flex wp-container-core-columns-is-layout-d47a2335 wp-block-columns-is-layout-flex\" style=\"border-radius:1.5rem;padding-top:1.5rem;padding-right:1.5rem;padding-bottom:1.5rem;padding-left:1.5rem\">\n<div class=\"wp-block-column is-layout-flow wp-block-column-is-layout-flow\" style=\"flex-basis:50%\">\n<figure class=\"wp-block-image size-full is-resized has-custom-border is-style-default extendify-image-import\"><img loading=\"lazy\" decoding=\"async\" width=\"363\" height=\"360\" src=\"https:\/\/jsengineering.ee\/wp-content\/uploads\/2025\/07\/marelle_ajutine.jpg\" alt=\"\" class=\"wp-image-365\" style=\"border-radius:1.5rem;aspect-ratio:1;object-fit:cover;width:200px\" srcset=\"https:\/\/jsengineering.ee\/wp-content\/uploads\/2025\/07\/marelle_ajutine.jpg 363w, https:\/\/jsengineering.ee\/wp-content\/uploads\/2025\/07\/marelle_ajutine-300x298.jpg 300w, https:\/\/jsengineering.ee\/wp-content\/uploads\/2025\/07\/marelle_ajutine-150x150.jpg 150w, https:\/\/jsengineering.ee\/wp-content\/uploads\/2025\/07\/marelle_ajutine-12x12.jpg 12w\" sizes=\"auto, (max-width: 363px) 100vw, 363px\" \/><\/figure>\n<\/div>\n\n\n\n<div class=\"wp-block-column is-layout-flow wp-block-column-is-layout-flow\" style=\"padding-top:var(--wp--preset--spacing--20);padding-bottom:var(--wp--preset--spacing--20);flex-basis:50%\">\n<h4 class=\"wp-block-heading has-text-align-left\" style=\"font-size:clamp(15.747px, 0.984rem + ((1vw - 3.2px) * 1.032), 24px);\">Marelle S\u00fcda<\/h4>\n\n\n\n<p class=\"has-text-align-left has-primary-color has-text-color has-small-font-size\" style=\"margin-top:14px;margin-bottom:14px\">Orders, invoices, and logistics<\/p>\n\n\n\n<p class=\"has-small-font-size\" style=\"margin-top:12px\">+372 50 54 973<br>marelle@jsengineering.ee<\/p>\n<\/div>\n<\/div>\n\n\n\n<div class=\"wp-block-columns has-background-background-color has-background is-layout-flex wp-container-core-columns-is-layout-d47a2335 wp-block-columns-is-layout-flex\" style=\"border-radius:1.5rem;padding-top:1.5rem;padding-right:1.5rem;padding-bottom:1.5rem;padding-left:1.5rem\">\n<div class=\"wp-block-column is-layout-flow wp-block-column-is-layout-flow\" style=\"flex-basis:50%\">\n<figure class=\"wp-block-image is-resized has-custom-border is-style-default extendify-image-import\"><img loading=\"lazy\" decoding=\"async\" width=\"1080\" height=\"608\" src=\"https:\/\/jsengineering.ee\/wp-content\/uploads\/2025\/07\/image-2.jpg\" alt=\"\" class=\"wp-image-313\" style=\"border-radius:1.5rem;aspect-ratio:1;object-fit:cover;width:200px\" srcset=\"https:\/\/jsengineering.ee\/wp-content\/uploads\/2025\/07\/image-2.jpg 1080w, https:\/\/jsengineering.ee\/wp-content\/uploads\/2025\/07\/image-2-300x169.jpg 300w, https:\/\/jsengineering.ee\/wp-content\/uploads\/2025\/07\/image-2-1024x576.jpg 1024w, https:\/\/jsengineering.ee\/wp-content\/uploads\/2025\/07\/image-2-768x432.jpg 768w, https:\/\/jsengineering.ee\/wp-content\/uploads\/2025\/07\/image-2-18x10.jpg 18w\" sizes=\"auto, (max-width: 1080px) 100vw, 1080px\" \/><\/figure>\n<\/div>\n\n\n\n<div class=\"wp-block-column is-layout-flow wp-block-column-is-layout-flow\" style=\"padding-top:var(--wp--preset--spacing--20);padding-bottom:var(--wp--preset--spacing--20);flex-basis:50%\">\n<h4 class=\"wp-block-heading\" style=\"font-size:clamp(15.747px, 0.984rem + ((1vw - 3.2px) * 1.032), 24px);\">You?<\/h4>\n\n\n\n<p class=\"has-primary-color has-text-color has-small-font-size\" style=\"margin-top:40px;margin-bottom:40px\">Get in contact!<\/p>\n\n\n\n<p class=\"has-small-font-size\" style=\"margin-top:12px\"><\/p>\n<\/div>\n<\/div>\n<\/div>\n<\/div>\n<\/div>","protected":false},"excerpt":{"rendered":"<p>Kes me oleme&#8230; J.S. Insenerib\u00fcroo O\u00dc tegutseb alates 1998. aastast. Meie kliendid asuvad nii Eestis, L\u00e4tis, Leedus kui ka teistes l\u00e4hipiirkonna riikides. Firma on alguse saanud liimimistehnoloogia ning sideainete alasest koost\u00f6\u00f6st \u00fche meie t\u00e4nase p\u00f5hitarnija DYNEA t\u00f6\u00f6stusliimide kontserniga. Liimimisprotsesside alal peame oma tugevaks k\u00fcljeks t\u00e4ielikku tootepaketti &#8211; DYNEA t\u00f6\u00f6stusliimid koos liimide kasutamiseks vajaliku tehnoloogia ja [&hellip;]<\/p>","protected":false},"author":1,"featured_media":0,"parent":0,"menu_order":0,"comment_status":"closed","ping_status":"closed","template":"no-title","meta":{"_monsterinsights_skip_tracking":false,"_monsterinsights_sitenote_active":false,"_monsterinsights_sitenote_note":"","_monsterinsights_sitenote_category":0,"footnotes":""},"folder":[],"class_list":["post-29","page","type-page","status-publish","hentry"],"aioseo_notices":[],"_links":{"self":[{"href":"https:\/\/jsengineering.ee\/en\/wp-json\/wp\/v2\/pages\/29","targetHints":{"allow":["GET"]}}],"collection":[{"href":"https:\/\/jsengineering.ee\/en\/wp-json\/wp\/v2\/pages"}],"about":[{"href":"https:\/\/jsengineering.ee\/en\/wp-json\/wp\/v2\/types\/page"}],"author":[{"embeddable":true,"href":"https:\/\/jsengineering.ee\/en\/wp-json\/wp\/v2\/users\/1"}],"replies":[{"embeddable":true,"href":"https:\/\/jsengineering.ee\/en\/wp-json\/wp\/v2\/comments?post=29"}],"version-history":[{"count":24,"href":"https:\/\/jsengineering.ee\/en\/wp-json\/wp\/v2\/pages\/29\/revisions"}],"predecessor-version":[{"id":775,"href":"https:\/\/jsengineering.ee\/en\/wp-json\/wp\/v2\/pages\/29\/revisions\/775"}],"wp:attachment":[{"href":"https:\/\/jsengineering.ee\/en\/wp-json\/wp\/v2\/media?parent=29"}],"wp:term":[{"taxonomy":"folder","embeddable":true,"href":"https:\/\/jsengineering.ee\/en\/wp-json\/wp\/v2\/folder?post=29"}],"curies":[{"name":"wp","href":"https:\/\/api.w.org\/{rel}","templated":true}]}}