{"id":246,"date":"2025-07-09T16:25:58","date_gmt":"2025-07-09T13:25:58","guid":{"rendered":"https:\/\/jsengineering.ee\/?page_id=246"},"modified":"2025-09-17T14:38:37","modified_gmt":"2025-09-17T11:38:37","slug":"mixon","status":"publish","type":"page","link":"https:\/\/jsengineering.ee\/en\/teenused\/mixon\/","title":{"rendered":"Mixon"},"content":{"rendered":"<div class=\"wp-block-group is-vertical is-content-justification-center is-layout-flex wp-container-core-group-is-layout-ce155fab wp-block-group-is-layout-flex\">\n<div style=\"height:29px\" aria-hidden=\"true\" class=\"wp-block-spacer wp-container-content-7eea9941\"><\/div>\n\n\n\n<h3 class=\"wp-block-heading\">Mixon adhesive solutions<\/h3>\n\n\n\n<figure class=\"wp-block-image aligncenter size-full is-resized\"><img loading=\"lazy\" decoding=\"async\" width=\"492\" height=\"492\" src=\"https:\/\/jsengineering.ee\/wp-content\/uploads\/2025\/07\/square_mixon.png\" alt=\"Mixon logo\" class=\"wp-image-147\" style=\"width:200px\" srcset=\"https:\/\/jsengineering.ee\/wp-content\/uploads\/2025\/07\/square_mixon.png 492w, https:\/\/jsengineering.ee\/wp-content\/uploads\/2025\/07\/square_mixon-300x300.png 300w, https:\/\/jsengineering.ee\/wp-content\/uploads\/2025\/07\/square_mixon-150x150.png 150w, https:\/\/jsengineering.ee\/wp-content\/uploads\/2025\/07\/square_mixon-12x12.png 12w\" sizes=\"auto, (max-width: 492px) 100vw, 492px\" \/><\/figure>\n\n\n\n<ul class=\"wp-block-social-links has-icon-color is-style-logos-only is-layout-flex wp-block-social-links-is-layout-flex\"><li style=\"color:#11562b;\" class=\"wp-social-link wp-social-link-chain has-secondary-color wp-block-social-link\"><a href=\"https:\/\/mixon.se\/\" class=\"wp-block-social-link-anchor\"><svg width=\"24\" height=\"24\" viewbox=\"0 0 24 24\" version=\"1.1\" xmlns=\"http:\/\/www.w3.org\/2000\/svg\" aria-hidden=\"true\" focusable=\"false\"><path d=\"M15.6,7.2H14v1.5h1.6c2,0,3.7,1.7,3.7,3.7s-1.7,3.7-3.7,3.7H14v1.5h1.6c2.8,0,5.2-2.3,5.2-5.2,0-2.9-2.3-5.2-5.2-5.2zM4.7,12.4c0-2,1.7-3.7,3.7-3.7H10V7.2H8.4c-2.9,0-5.2,2.3-5.2,5.2,0,2.9,2.3,5.2,5.2,5.2H10v-1.5H8.4c-2,0-3.7-1.7-3.7-3.7zm4.6.9h5.3v-1.5H9.3v1.5z\"><\/path><\/svg><span class=\"wp-block-social-link-label screen-reader-text\">Link<\/span><\/a><\/li>\n\n<li style=\"color:#11562b;\" class=\"wp-social-link wp-social-link-linkedin has-secondary-color wp-block-social-link\"><a href=\"https:\/\/se.linkedin.com\/company\/mixon-ab?trk=public_profile_topcard-current-company\" class=\"wp-block-social-link-anchor\"><svg width=\"24\" height=\"24\" viewbox=\"0 0 24 24\" version=\"1.1\" xmlns=\"http:\/\/www.w3.org\/2000\/svg\" aria-hidden=\"true\" focusable=\"false\"><path d=\"M19.7,3H4.3C3.582,3,3,3.582,3,4.3v15.4C3,20.418,3.582,21,4.3,21h15.4c0.718,0,1.3-0.582,1.3-1.3V4.3 C21,3.582,20.418,3,19.7,3z M8.339,18.338H5.667v-8.59h2.672V18.338z M7.004,8.574c-0.857,0-1.549-0.694-1.549-1.548 c0-0.855,0.691-1.548,1.549-1.548c0.854,0,1.547,0.694,1.547,1.548C8.551,7.881,7.858,8.574,7.004,8.574z M18.339,18.338h-2.669 v-4.177c0-0.996-0.017-2.278-1.387-2.278c-1.389,0-1.601,1.086-1.601,2.206v4.249h-2.667v-8.59h2.559v1.174h0.037 c0.356-0.675,1.227-1.387,2.526-1.387c2.703,0,3.203,1.779,3.203,4.092V18.338z\"><\/path><\/svg><span class=\"wp-block-social-link-label screen-reader-text\">LinkedIn<\/span><\/a><\/li><\/ul>\n<\/div>\n\n\n\n<p>Mixon has been an expert in gluing solutions since 1985. Mixon's goal is to provide customized solutions for adhesive application, based on the specific needs and expectations of each customer.<\/p>\n\n\n\n<p>Mixon offers gluing systems for one- or two-component adhesives. The adhesive and hardener can be mixed with each other using a static mixer or applied separately to the wood surface. Mixon offers both stationary and mobile glue heads.<\/p>\n\n\n\n<h5 class=\"wp-block-heading\">Mixon adhesive application solutions:<\/h5>\n\n\n\n<ul class=\"wp-block-list\">\n<li>CLT;<\/li>\n\n\n\n<li>Edge gluing<\/li>\n\n\n\n<li>Application of adhesive to panels, parquet or glulam components with a mobile or static glue curtain;<\/li>\n\n\n\n<li>Gluing a finger joint at one or both ends of the board;<\/li>\n\n\n\n<li>Roller application.<\/li>\n\n\n\n<li>Both standard solutions and systems tailored to customer needs.<\/li>\n<\/ul>\n\n\n\n<div class=\"wp-block-cb-carousel-v2 cb-carousel-block cb-single-slide\" data-cb-slides-per-view=\"1\" data-cb-slides-per-group=\"1\" data-cb-space-between=\"15\" data-cb-speed=\"300\" data-cb-navigation=\"true\" data-cb-pagination=\"true\" data-cb-loop=\"true\" data-cb-breakpoints=\"{&quot;768&quot;:{&quot;slidesPerView&quot;:1,&quot;slidesPerGroup&quot;:1}}\"><div class=\"swiper\"><div class=\"cb-wrapper swiper-wrapper\">\n<div class=\"wp-block-cb-slide-v2 cb-slide swiper-slide\">\n<figure class=\"wp-block-image aligncenter size-full is-resized\"><img loading=\"lazy\" decoding=\"async\" width=\"768\" height=\"576\" src=\"https:\/\/jsengineering.ee\/wp-content\/uploads\/2025\/07\/Mixon1.jpg\" alt=\"Mixon surface gluing machine\" class=\"wp-image-275\" style=\"width:auto;height:300px\" srcset=\"https:\/\/jsengineering.ee\/wp-content\/uploads\/2025\/07\/Mixon1.jpg 768w, https:\/\/jsengineering.ee\/wp-content\/uploads\/2025\/07\/Mixon1-300x225.jpg 300w, https:\/\/jsengineering.ee\/wp-content\/uploads\/2025\/07\/Mixon1-16x12.jpg 16w\" sizes=\"auto, (max-width: 768px) 100vw, 768px\" \/><\/figure>\n<\/div>\n\n\n\n<div class=\"wp-block-cb-slide-v2 cb-slide swiper-slide\">\n<figure class=\"wp-block-image aligncenter size-full is-resized\"><img loading=\"lazy\" decoding=\"async\" width=\"1000\" height=\"667\" src=\"https:\/\/jsengineering.ee\/wp-content\/uploads\/2025\/07\/Mixon2.jpg\" alt=\"Detail of Mixon finger joint gluing machine\" class=\"wp-image-276\" style=\"width:auto;height:300px\" srcset=\"https:\/\/jsengineering.ee\/wp-content\/uploads\/2025\/07\/Mixon2.jpg 1000w, https:\/\/jsengineering.ee\/wp-content\/uploads\/2025\/07\/Mixon2-300x200.jpg 300w, https:\/\/jsengineering.ee\/wp-content\/uploads\/2025\/07\/Mixon2-768x512.jpg 768w, https:\/\/jsengineering.ee\/wp-content\/uploads\/2025\/07\/Mixon2-18x12.jpg 18w\" sizes=\"auto, (max-width: 1000px) 100vw, 1000px\" \/><\/figure>\n<\/div>\n\n\n\n<div class=\"wp-block-cb-slide-v2 cb-slide swiper-slide\">\n<figure class=\"wp-block-image aligncenter size-large is-resized\"><img loading=\"lazy\" decoding=\"async\" width=\"1024\" height=\"768\" src=\"https:\/\/jsengineering.ee\/wp-content\/uploads\/2025\/07\/Mixon3-1024x768.jpg\" alt=\"Side surface gluing with Mixon machine\" class=\"wp-image-277\" style=\"width:auto;height:300px\" srcset=\"https:\/\/jsengineering.ee\/wp-content\/uploads\/2025\/07\/Mixon3-1024x768.jpg 1024w, https:\/\/jsengineering.ee\/wp-content\/uploads\/2025\/07\/Mixon3-300x225.jpg 300w, https:\/\/jsengineering.ee\/wp-content\/uploads\/2025\/07\/Mixon3-768x576.jpg 768w, https:\/\/jsengineering.ee\/wp-content\/uploads\/2025\/07\/Mixon3-1536x1152.jpg 1536w, https:\/\/jsengineering.ee\/wp-content\/uploads\/2025\/07\/Mixon3-16x12.jpg 16w, https:\/\/jsengineering.ee\/wp-content\/uploads\/2025\/07\/Mixon3.jpg 1900w\" sizes=\"auto, (max-width: 1024px) 100vw, 1024px\" \/><\/figure>\n<\/div>\n<\/div><\/div><div class=\"cb-pagination swiper-pagination\"><\/div><div class=\"cb-button-prev swiper-button-prev\"><\/div><div class=\"cb-button-next swiper-button-next\"><\/div><\/div>\n\n\n\n<div class=\"wp-block-buttons is-content-justification-center is-layout-flex wp-container-core-buttons-is-layout-a89b3969 wp-block-buttons-is-layout-flex\">\n<div class=\"wp-block-button is-style-fill\"><a class=\"wp-block-button__link wp-element-button\" href=\"https:\/\/jsengineering.ee\/en\/kontakt\/\">Get in touch with us!<\/a><\/div>\n<\/div>","protected":false},"excerpt":{"rendered":"<p>Mixoni liimitus\u00fcsteemid Mixon on liimituslahenduste ekspert alates 1985. aastast. Mixoni eesm\u00e4rk on pakkuda kohandatud lahendusi liimituse jaoks, l\u00e4htudes iga kliendi konkreetsetest vajadustest ja ootustest. Mixon pakub liimituss\u00fcsteme \u00fche- v\u00f5i kahekomponentsete liimide jaoks. Liimi ja k\u00f5vendi saavad olla peale kandmise ajaks segatud v\u00f5i eraldi puidu pinnale kantud. Mixon pakub nii statsionaarseid kui liikuvaid liimitusp\u00e4id. Mixoni liimitusmasinad:<\/p>","protected":false},"author":1,"featured_media":0,"parent":32,"menu_order":0,"comment_status":"closed","ping_status":"closed","template":"no-title","meta":{"_monsterinsights_skip_tracking":false,"_monsterinsights_sitenote_active":false,"_monsterinsights_sitenote_note":"","_monsterinsights_sitenote_category":0,"footnotes":""},"folder":[],"class_list":["post-246","page","type-page","status-publish","hentry"],"aioseo_notices":[],"_links":{"self":[{"href":"https:\/\/jsengineering.ee\/en\/wp-json\/wp\/v2\/pages\/246","targetHints":{"allow":["GET"]}}],"collection":[{"href":"https:\/\/jsengineering.ee\/en\/wp-json\/wp\/v2\/pages"}],"about":[{"href":"https:\/\/jsengineering.ee\/en\/wp-json\/wp\/v2\/types\/page"}],"author":[{"embeddable":true,"href":"https:\/\/jsengineering.ee\/en\/wp-json\/wp\/v2\/users\/1"}],"replies":[{"embeddable":true,"href":"https:\/\/jsengineering.ee\/en\/wp-json\/wp\/v2\/comments?post=246"}],"version-history":[{"count":6,"href":"https:\/\/jsengineering.ee\/en\/wp-json\/wp\/v2\/pages\/246\/revisions"}],"predecessor-version":[{"id":697,"href":"https:\/\/jsengineering.ee\/en\/wp-json\/wp\/v2\/pages\/246\/revisions\/697"}],"up":[{"embeddable":true,"href":"https:\/\/jsengineering.ee\/en\/wp-json\/wp\/v2\/pages\/32"}],"wp:attachment":[{"href":"https:\/\/jsengineering.ee\/en\/wp-json\/wp\/v2\/media?parent=246"}],"wp:term":[{"taxonomy":"folder","embeddable":true,"href":"https:\/\/jsengineering.ee\/en\/wp-json\/wp\/v2\/folder?post=246"}],"curies":[{"name":"wp","href":"https:\/\/api.w.org\/{rel}","templated":true}]}}