{"id":237,"date":"2025-07-09T16:03:04","date_gmt":"2025-07-09T13:03:04","guid":{"rendered":"https:\/\/jsengineering.ee\/?page_id=237"},"modified":"2025-09-17T14:41:18","modified_gmt":"2025-09-17T11:41:18","slug":"brookhuis","status":"publish","type":"page","link":"https:\/\/jsengineering.ee\/en\/teenused\/brookhuis\/","title":{"rendered":"Brookhuis"},"content":{"rendered":"<div class=\"wp-block-group is-vertical is-content-justification-center is-layout-flex wp-container-core-group-is-layout-ce155fab wp-block-group-is-layout-flex\">\n<div style=\"height:29px\" aria-hidden=\"true\" class=\"wp-block-spacer wp-container-content-7eea9941\"><\/div>\n\n\n\n<h3 class=\"wp-block-heading\">Moisture meters and strength graders from Brookhuis<\/h3>\n\n\n\n<figure class=\"wp-block-image aligncenter size-full is-resized\"><a href=\"https:\/\/brookhuis.com\/wood\/\"><img loading=\"lazy\" decoding=\"async\" width=\"2560\" height=\"2560\" src=\"https:\/\/jsengineering.ee\/wp-content\/uploads\/2025\/07\/square_brookhuis-scaled.png\" alt=\"BROOKHUIS\" class=\"wp-image-140\" style=\"width:200px\" srcset=\"https:\/\/jsengineering.ee\/wp-content\/uploads\/2025\/07\/square_brookhuis-scaled.png 2560w, https:\/\/jsengineering.ee\/wp-content\/uploads\/2025\/07\/square_brookhuis-300x300.png 300w, https:\/\/jsengineering.ee\/wp-content\/uploads\/2025\/07\/square_brookhuis-1024x1024.png 1024w, https:\/\/jsengineering.ee\/wp-content\/uploads\/2025\/07\/square_brookhuis-150x150.png 150w, https:\/\/jsengineering.ee\/wp-content\/uploads\/2025\/07\/square_brookhuis-768x768.png 768w, https:\/\/jsengineering.ee\/wp-content\/uploads\/2025\/07\/square_brookhuis-1536x1536.png 1536w, https:\/\/jsengineering.ee\/wp-content\/uploads\/2025\/07\/square_brookhuis-2048x2048.png 2048w, https:\/\/jsengineering.ee\/wp-content\/uploads\/2025\/07\/square_brookhuis-12x12.png 12w\" sizes=\"auto, (max-width: 2560px) 100vw, 2560px\" \/><\/a><\/figure>\n\n\n\n<ul class=\"wp-block-social-links has-icon-color is-style-logos-only is-layout-flex wp-block-social-links-is-layout-flex\"><li style=\"color:#11562b;\" class=\"wp-social-link wp-social-link-chain has-secondary-color wp-block-social-link\"><a href=\"https:\/\/brookhuis.com\/wood\/\" class=\"wp-block-social-link-anchor\"><svg width=\"24\" height=\"24\" viewbox=\"0 0 24 24\" version=\"1.1\" xmlns=\"http:\/\/www.w3.org\/2000\/svg\" aria-hidden=\"true\" focusable=\"false\"><path d=\"M15.6,7.2H14v1.5h1.6c2,0,3.7,1.7,3.7,3.7s-1.7,3.7-3.7,3.7H14v1.5h1.6c2.8,0,5.2-2.3,5.2-5.2,0-2.9-2.3-5.2-5.2-5.2zM4.7,12.4c0-2,1.7-3.7,3.7-3.7H10V7.2H8.4c-2.9,0-5.2,2.3-5.2,5.2,0,2.9,2.3,5.2,5.2,5.2H10v-1.5H8.4c-2,0-3.7-1.7-3.7-3.7zm4.6.9h5.3v-1.5H9.3v1.5z\"><\/path><\/svg><span class=\"wp-block-social-link-label screen-reader-text\">Link<\/span><\/a><\/li>\n\n<li style=\"color:#11562b;\" class=\"wp-social-link wp-social-link-facebook has-secondary-color wp-block-social-link\"><a href=\"https:\/\/www.facebook.com\/BrookhuisAppliedTechnologies\/\" class=\"wp-block-social-link-anchor\"><svg width=\"24\" height=\"24\" viewbox=\"0 0 24 24\" version=\"1.1\" xmlns=\"http:\/\/www.w3.org\/2000\/svg\" aria-hidden=\"true\" focusable=\"false\"><path d=\"M12 2C6.5 2 2 6.5 2 12c0 5 3.7 9.1 8.4 9.9v-7H7.9V12h2.5V9.8c0-2.5 1.5-3.9 3.8-3.9 1.1 0 2.2.2 2.2.2v2.5h-1.3c-1.2 0-1.6.8-1.6 1.6V12h2.8l-.4 2.9h-2.3v7C18.3 21.1 22 17 22 12c0-5.5-4.5-10-10-10z\"><\/path><\/svg><span class=\"wp-block-social-link-label screen-reader-text\">Facebook<\/span><\/a><\/li>\n\n<li style=\"color:#11562b;\" class=\"wp-social-link wp-social-link-instagram has-secondary-color wp-block-social-link\"><a href=\"https:\/\/www.instagram.com\/brookhuisat\/\" class=\"wp-block-social-link-anchor\"><svg width=\"24\" height=\"24\" viewbox=\"0 0 24 24\" version=\"1.1\" xmlns=\"http:\/\/www.w3.org\/2000\/svg\" aria-hidden=\"true\" focusable=\"false\"><path d=\"M12,4.622c2.403,0,2.688,0.009,3.637,0.052c0.877,0.04,1.354,0.187,1.671,0.31c0.42,0.163,0.72,0.358,1.035,0.673 c0.315,0.315,0.51,0.615,0.673,1.035c0.123,0.317,0.27,0.794,0.31,1.671c0.043,0.949,0.052,1.234,0.052,3.637 s-0.009,2.688-0.052,3.637c-0.04,0.877-0.187,1.354-0.31,1.671c-0.163,0.42-0.358,0.72-0.673,1.035 c-0.315,0.315-0.615,0.51-1.035,0.673c-0.317,0.123-0.794,0.27-1.671,0.31c-0.949,0.043-1.233,0.052-3.637,0.052 s-2.688-0.009-3.637-0.052c-0.877-0.04-1.354-0.187-1.671-0.31c-0.42-0.163-0.72-0.358-1.035-0.673 c-0.315-0.315-0.51-0.615-0.673-1.035c-0.123-0.317-0.27-0.794-0.31-1.671C4.631,14.688,4.622,14.403,4.622,12 s0.009-2.688,0.052-3.637c0.04-0.877,0.187-1.354,0.31-1.671c0.163-0.42,0.358-0.72,0.673-1.035 c0.315-0.315,0.615-0.51,1.035-0.673c0.317-0.123,0.794-0.27,1.671-0.31C9.312,4.631,9.597,4.622,12,4.622 M12,3 C9.556,3,9.249,3.01,8.289,3.054C7.331,3.098,6.677,3.25,6.105,3.472C5.513,3.702,5.011,4.01,4.511,4.511 c-0.5,0.5-0.808,1.002-1.038,1.594C3.25,6.677,3.098,7.331,3.054,8.289C3.01,9.249,3,9.556,3,12c0,2.444,0.01,2.751,0.054,3.711 c0.044,0.958,0.196,1.612,0.418,2.185c0.23,0.592,0.538,1.094,1.038,1.594c0.5,0.5,1.002,0.808,1.594,1.038 c0.572,0.222,1.227,0.375,2.185,0.418C9.249,20.99,9.556,21,12,21s2.751-0.01,3.711-0.054c0.958-0.044,1.612-0.196,2.185-0.418 c0.592-0.23,1.094-0.538,1.594-1.038c0.5-0.5,0.808-1.002,1.038-1.594c0.222-0.572,0.375-1.227,0.418-2.185 C20.99,14.751,21,14.444,21,12s-0.01-2.751-0.054-3.711c-0.044-0.958-0.196-1.612-0.418-2.185c-0.23-0.592-0.538-1.094-1.038-1.594 c-0.5-0.5-1.002-0.808-1.594-1.038c-0.572-0.222-1.227-0.375-2.185-0.418C14.751,3.01,14.444,3,12,3L12,3z M12,7.378 c-2.552,0-4.622,2.069-4.622,4.622S9.448,16.622,12,16.622s4.622-2.069,4.622-4.622S14.552,7.378,12,7.378z M12,15 c-1.657,0-3-1.343-3-3s1.343-3,3-3s3,1.343,3,3S13.657,15,12,15z M16.804,6.116c-0.596,0-1.08,0.484-1.08,1.08 s0.484,1.08,1.08,1.08c0.596,0,1.08-0.484,1.08-1.08S17.401,6.116,16.804,6.116z\"><\/path><\/svg><span class=\"wp-block-social-link-label screen-reader-text\">Instagram<\/span><\/a><\/li>\n\n<li style=\"color:#11562b;\" class=\"wp-social-link wp-social-link-linkedin has-secondary-color wp-block-social-link\"><a href=\"https:\/\/www.linkedin.com\/company\/brookhuis-groep-b.v.\" class=\"wp-block-social-link-anchor\"><svg width=\"24\" height=\"24\" viewbox=\"0 0 24 24\" version=\"1.1\" xmlns=\"http:\/\/www.w3.org\/2000\/svg\" aria-hidden=\"true\" focusable=\"false\"><path d=\"M19.7,3H4.3C3.582,3,3,3.582,3,4.3v15.4C3,20.418,3.582,21,4.3,21h15.4c0.718,0,1.3-0.582,1.3-1.3V4.3 C21,3.582,20.418,3,19.7,3z M8.339,18.338H5.667v-8.59h2.672V18.338z M7.004,8.574c-0.857,0-1.549-0.694-1.549-1.548 c0-0.855,0.691-1.548,1.549-1.548c0.854,0,1.547,0.694,1.547,1.548C8.551,7.881,7.858,8.574,7.004,8.574z M18.339,18.338h-2.669 v-4.177c0-0.996-0.017-2.278-1.387-2.278c-1.389,0-1.601,1.086-1.601,2.206v4.249h-2.667v-8.59h2.559v1.174h0.037 c0.356-0.675,1.227-1.387,2.526-1.387c2.703,0,3.203,1.779,3.203,4.092V18.338z\"><\/path><\/svg><span class=\"wp-block-social-link-label screen-reader-text\">LinkedIn<\/span><\/a><\/li>\n\n<li style=\"color:#11562b;\" class=\"wp-social-link wp-social-link-youtube has-secondary-color wp-block-social-link\"><a href=\"https:\/\/www.youtube.com\/@brookhuisapplieddataintell9490\" class=\"wp-block-social-link-anchor\"><svg width=\"24\" height=\"24\" viewbox=\"0 0 24 24\" version=\"1.1\" xmlns=\"http:\/\/www.w3.org\/2000\/svg\" aria-hidden=\"true\" focusable=\"false\"><path d=\"M21.8,8.001c0,0-0.195-1.378-0.795-1.985c-0.76-0.797-1.613-0.801-2.004-0.847c-2.799-0.202-6.997-0.202-6.997-0.202 h-0.009c0,0-4.198,0-6.997,0.202C4.608,5.216,3.756,5.22,2.995,6.016C2.395,6.623,2.2,8.001,2.2,8.001S2,9.62,2,11.238v1.517 c0,1.618,0.2,3.237,0.2,3.237s0.195,1.378,0.795,1.985c0.761,0.797,1.76,0.771,2.205,0.855c1.6,0.153,6.8,0.201,6.8,0.201 s4.203-0.006,7.001-0.209c0.391-0.047,1.243-0.051,2.004-0.847c0.6-0.607,0.795-1.985,0.795-1.985s0.2-1.618,0.2-3.237v-1.517 C22,9.62,21.8,8.001,21.8,8.001z M9.935,14.594l-0.001-5.62l5.404,2.82L9.935,14.594z\"><\/path><\/svg><span class=\"wp-block-social-link-label screen-reader-text\">YouTube<\/span><\/a><\/li><\/ul>\n<\/div>\n\n\n\n<p class=\"translation-block\">Brookhuis is the manufacturer and inventor of the most used In-line Moisture Meter and Strength Grading Systems in the world.<\/p>\n\n\n\n<h5 class=\"wp-block-heading\">Handheld moisture meters<\/h5>\n\n\n\n<p>Brookhuis FMW-B, FME, FMC, and FMD6 moisture meters<\/p>\n\n\n\n<ul class=\"wp-block-list\">\n<li>Microprocessor-controlled moisture meters suitable for measuring wood and building materials.<\/li>\n\n\n\n<li>Non-Destructive Capacitive Measurement (FMW-B) or Needle Resistive Measurement from inside the material (FME, FMC and FMD6).<\/li>\n\n\n\n<li>Measuring the moisture content of wood at densities between 250 and 1100 kg\/m\u00b3.<\/li>\n<\/ul>\n\n\n\n<h5 class=\"wp-block-heading translation-block\">in-line moisture meter FMI-5<\/h5>\n\n\n\n<ul class=\"wp-block-list\">\n<li>The FMI-5 system classifies timber into different moisture levels, provides information for sorting out timber outside the specified moisture level, labels boards, measures boards in real time to obtain their moisture profile in optimization and scanning lines in order to cut out or label areas with moisture content out of set bounds.<\/li>\n\n\n\n<li>The new FMI-5 sensors make 500 measurements per second to find the smallest wet spots in the fastest production and sorting applications.<\/li>\n\n\n\n<li>250 boards\/minute in transversal mode or 1,200 meter\/minute in longitudinal mode.<\/li>\n<\/ul>\n\n\n\n<h5 class=\"wp-block-heading\">MTG strength grading meter<\/h5>\n\n\n\n<ul class=\"wp-block-list\">\n<li>The Timber Grader MTG is an ergonomic measuring instrument that is placed against the wooden beam.<\/li>\n\n\n\n<li>When the trigger button is pressed, it sends a sound-wave (signal) through the beam.<\/li>\n\n\n\n<li>The specially developed Timber Grader software converts these sounds-waves into measurement results quickly to be displayed on the LCD screen of the device.<\/li>\n\n\n\n<li>These results can then be transferred to a standard PC or laptop without requiring a cable.<\/li>\n<\/ul>\n\n\n\n<div class=\"wp-block-cb-carousel-v2 cb-carousel-block cb-single-slide\" data-cb-slides-per-view=\"1\" data-cb-slides-per-group=\"1\" data-cb-space-between=\"15\" data-cb-speed=\"300\" data-cb-navigation=\"true\" data-cb-pagination=\"true\" data-cb-loop=\"true\" data-cb-breakpoints=\"{&quot;768&quot;:{&quot;slidesPerView&quot;:1,&quot;slidesPerGroup&quot;:1}}\"><div class=\"swiper\"><div class=\"cb-wrapper swiper-wrapper\">\n<div class=\"wp-block-cb-slide-v2 cb-slide swiper-slide\">\n<figure class=\"wp-block-image aligncenter size-full is-resized\"><img loading=\"lazy\" decoding=\"async\" width=\"700\" height=\"466\" src=\"https:\/\/jsengineering.ee\/wp-content\/uploads\/2025\/07\/Brookhuis1.jpg\" alt=\"Brookhuis FME handheld moisture meter\" class=\"wp-image-258\" style=\"width:auto;height:300px\" srcset=\"https:\/\/jsengineering.ee\/wp-content\/uploads\/2025\/07\/Brookhuis1.jpg 700w, https:\/\/jsengineering.ee\/wp-content\/uploads\/2025\/07\/Brookhuis1-300x200.jpg 300w, https:\/\/jsengineering.ee\/wp-content\/uploads\/2025\/07\/Brookhuis1-18x12.jpg 18w\" sizes=\"auto, (max-width: 700px) 100vw, 700px\" \/><\/figure>\n<\/div>\n\n\n\n<div class=\"wp-block-cb-slide-v2 cb-slide swiper-slide\">\n<figure class=\"wp-block-image aligncenter size-full is-resized\"><img loading=\"lazy\" decoding=\"async\" width=\"1024\" height=\"683\" src=\"https:\/\/jsengineering.ee\/wp-content\/uploads\/2025\/07\/Brookhuis2.webp\" alt=\"Brookhuis internal crack detector\" class=\"wp-image-259\" style=\"width:auto;height:300px\" srcset=\"https:\/\/jsengineering.ee\/wp-content\/uploads\/2025\/07\/Brookhuis2.webp 1024w, https:\/\/jsengineering.ee\/wp-content\/uploads\/2025\/07\/Brookhuis2-300x200.webp 300w, https:\/\/jsengineering.ee\/wp-content\/uploads\/2025\/07\/Brookhuis2-768x512.webp 768w, https:\/\/jsengineering.ee\/wp-content\/uploads\/2025\/07\/Brookhuis2-18x12.webp 18w\" sizes=\"auto, (max-width: 1024px) 100vw, 1024px\" \/><\/figure>\n<\/div>\n\n\n\n<div class=\"wp-block-cb-slide-v2 cb-slide swiper-slide\">\n<figure class=\"wp-block-image aligncenter size-full is-resized\"><img loading=\"lazy\" decoding=\"async\" width=\"669\" height=\"979\" src=\"https:\/\/jsengineering.ee\/wp-content\/uploads\/2025\/07\/Brookhuis3.webp\" alt=\"Brookhuis FMI Moisture Sensor L101\" class=\"wp-image-260\" style=\"width:auto;height:300px\" srcset=\"https:\/\/jsengineering.ee\/wp-content\/uploads\/2025\/07\/Brookhuis3.webp 669w, https:\/\/jsengineering.ee\/wp-content\/uploads\/2025\/07\/Brookhuis3-205x300.webp 205w, https:\/\/jsengineering.ee\/wp-content\/uploads\/2025\/07\/Brookhuis3-8x12.webp 8w\" sizes=\"auto, (max-width: 669px) 100vw, 669px\" \/><\/figure>\n<\/div>\n<\/div><\/div><div class=\"cb-pagination swiper-pagination\"><\/div><div class=\"cb-button-prev swiper-button-prev\"><\/div><div class=\"cb-button-next swiper-button-next\"><\/div><\/div>\n\n\n\n<div class=\"wp-block-buttons is-content-justification-center is-layout-flex wp-container-core-buttons-is-layout-a89b3969 wp-block-buttons-is-layout-flex\">\n<div class=\"wp-block-button is-style-fill\"><a class=\"wp-block-button__link wp-element-button\" href=\"https:\/\/jsengineering.ee\/en\/kontakt\/\">Get in touch with us!<\/a><\/div>\n<\/div>","protected":false},"excerpt":{"rendered":"<p>Brookhuisi tugevus- ja niiskusm\u00f5\u00f5tjad Brookhuis on maailma enimkasutatavate in-line niiskusem\u00f5\u00f5tjate ja tugevusm\u00f5\u00f5tmiss\u00fcsteemide tootja ja arendaja. K\u00e4siNiiskusm\u00f5\u00f5tjad Brookhuis FMW-B, FME, FMC ja FMD6 niiskusm\u00f5\u00f5tjad in-line niiskusm\u00f5\u00f5tja FMI-5 MTG tugevussorteerija<\/p>","protected":false},"author":1,"featured_media":0,"parent":32,"menu_order":0,"comment_status":"closed","ping_status":"closed","template":"no-title","meta":{"_monsterinsights_skip_tracking":false,"_monsterinsights_sitenote_active":false,"_monsterinsights_sitenote_note":"","_monsterinsights_sitenote_category":0,"footnotes":""},"folder":[],"class_list":["post-237","page","type-page","status-publish","hentry"],"aioseo_notices":[],"_links":{"self":[{"href":"https:\/\/jsengineering.ee\/en\/wp-json\/wp\/v2\/pages\/237","targetHints":{"allow":["GET"]}}],"collection":[{"href":"https:\/\/jsengineering.ee\/en\/wp-json\/wp\/v2\/pages"}],"about":[{"href":"https:\/\/jsengineering.ee\/en\/wp-json\/wp\/v2\/types\/page"}],"author":[{"embeddable":true,"href":"https:\/\/jsengineering.ee\/en\/wp-json\/wp\/v2\/users\/1"}],"replies":[{"embeddable":true,"href":"https:\/\/jsengineering.ee\/en\/wp-json\/wp\/v2\/comments?post=237"}],"version-history":[{"count":9,"href":"https:\/\/jsengineering.ee\/en\/wp-json\/wp\/v2\/pages\/237\/revisions"}],"predecessor-version":[{"id":703,"href":"https:\/\/jsengineering.ee\/en\/wp-json\/wp\/v2\/pages\/237\/revisions\/703"}],"up":[{"embeddable":true,"href":"https:\/\/jsengineering.ee\/en\/wp-json\/wp\/v2\/pages\/32"}],"wp:attachment":[{"href":"https:\/\/jsengineering.ee\/en\/wp-json\/wp\/v2\/media?parent=237"}],"wp:term":[{"taxonomy":"folder","embeddable":true,"href":"https:\/\/jsengineering.ee\/en\/wp-json\/wp\/v2\/folder?post=237"}],"curies":[{"name":"wp","href":"https:\/\/api.w.org\/{rel}","templated":true}]}}